{"id":360,"date":"2023-06-28T11:24:31","date_gmt":"2023-06-28T11:24:31","guid":{"rendered":"https:\/\/uusi.mathcad.fi\/?page_id=360"},"modified":"2025-09-15T12:26:03","modified_gmt":"2025-09-15T12:26:03","slug":"lisenssi-yritykselle","status":"publish","type":"page","link":"https:\/\/mathcad.fi\/?page_id=360","title":{"rendered":"Lisenssi yritykselle"},"content":{"rendered":"\t\t<div data-elementor-type=\"wp-page\" data-elementor-id=\"360\" class=\"elementor elementor-360\">\n\t\t\t\t\t\t<section class=\"elementor-section elementor-top-section elementor-element elementor-element-9801ebb elementor-section-boxed elementor-section-height-default elementor-section-height-default\" data-id=\"9801ebb\" data-element_type=\"section\">\n\t\t\t\t\t\t<div class=\"elementor-container elementor-column-gap-default\">\n\t\t\t\t\t<div class=\"elementor-column elementor-col-50 elementor-top-column elementor-element elementor-element-a640cc6\" data-id=\"a640cc6\" data-element_type=\"column\">\n\t\t\t<div class=\"elementor-widget-wrap elementor-element-populated\">\n\t\t\t\t\t\t<div class=\"elementor-element elementor-element-f18dc79 elementor-align-justify elementor-widget elementor-widget-button\" data-id=\"f18dc79\" data-element_type=\"widget\" data-widget_type=\"button.default\">\n\t\t\t\t<div class=\"elementor-widget-container\">\n\t\t\t\t\t\t\t<div class=\"elementor-button-wrapper\">\n\t\t\t\t\t<a class=\"elementor-button elementor-button-link elementor-size-xl\" href=\"https:\/\/mathcad.fi\/?page_id=261\">\n\t\t\t\t\t\t<span class=\"elementor-button-content-wrapper\">\n\t\t\t\t\t\t\t\t\t<span class=\"elementor-button-text\">OPISKELIJALISENSSI \/ STUDENT LICENSE<\/span>\n\t\t\t\t\t<\/span>\n\t\t\t\t\t<\/a>\n\t\t\t\t<\/div>\n\t\t\t\t\t\t<\/div>\n\t\t\t\t<\/div>\n\t\t\t\t\t<\/div>\n\t\t<\/div>\n\t\t\t\t<div class=\"elementor-column elementor-col-50 elementor-top-column elementor-element elementor-element-9e841ff\" data-id=\"9e841ff\" data-element_type=\"column\">\n\t\t\t<div class=\"elementor-widget-wrap elementor-element-populated\">\n\t\t\t\t\t\t<div class=\"elementor-element elementor-element-c544b2b elementor-align-center elementor-hidden-mobile elementor-widget elementor-widget-button\" data-id=\"c544b2b\" data-element_type=\"widget\" data-widget_type=\"button.default\">\n\t\t\t\t<div class=\"elementor-widget-container\">\n\t\t\t\t\t\t\t<div class=\"elementor-button-wrapper\">\n\t\t\t\t\t<a class=\"elementor-button elementor-button-link elementor-size-xl\" href=\"https:\/\/mathcad.fi\/?page_id=599\">\n\t\t\t\t\t\t<span class=\"elementor-button-content-wrapper\">\n\t\t\t\t\t\t\t\t\t<span class=\"elementor-button-text\">Mathcad Prime tilauslomake<\/span>\n\t\t\t\t\t<\/span>\n\t\t\t\t\t<\/a>\n\t\t\t\t<\/div>\n\t\t\t\t\t\t<\/div>\n\t\t\t\t<\/div>\n\t\t\t\t<div class=\"elementor-element elementor-element-a98ecbc elementor-align-center elementor-hidden-desktop elementor-hidden-tablet elementor-widget elementor-widget-button\" data-id=\"a98ecbc\" data-element_type=\"widget\" data-widget_type=\"button.default\">\n\t\t\t\t<div class=\"elementor-widget-container\">\n\t\t\t\t\t\t\t<div class=\"elementor-button-wrapper\">\n\t\t\t\t\t<a class=\"elementor-button elementor-button-link elementor-size-md\" href=\"https:\/\/uusi.mathcad.fi\/?page_id=599\">\n\t\t\t\t\t\t<span class=\"elementor-button-content-wrapper\">\n\t\t\t\t\t\t\t\t\t<span class=\"elementor-button-text\">Mathcad Prime tilauslomake<\/span>\n\t\t\t\t\t<\/span>\n\t\t\t\t\t<\/a>\n\t\t\t\t<\/div>\n\t\t\t\t\t\t<\/div>\n\t\t\t\t<\/div>\n\t\t\t\t\t<\/div>\n\t\t<\/div>\n\t\t\t\t\t<\/div>\n\t\t<\/section>\n\t\t\t\t<section class=\"elementor-section elementor-top-section elementor-element elementor-element-46b67e6 elementor-section-boxed elementor-section-height-default elementor-section-height-default\" data-id=\"46b67e6\" data-element_type=\"section\">\n\t\t\t\t\t\t<div class=\"elementor-container elementor-column-gap-default\">\n\t\t\t\t\t<div class=\"elementor-column elementor-col-100 elementor-top-column elementor-element elementor-element-a5222a6\" data-id=\"a5222a6\" data-element_type=\"column\">\n\t\t\t<div class=\"elementor-widget-wrap elementor-element-populated\">\n\t\t\t\t\t\t<div class=\"elementor-element elementor-element-57e7183 elementor-widget elementor-widget-heading\" data-id=\"57e7183\" data-element_type=\"widget\" data-widget_type=\"heading.default\">\n\t\t\t\t<div class=\"elementor-widget-container\">\n\t\t\t<h2 class=\"elementor-heading-title elementor-size-default\">Voit my\u00f6s olla yhteydess\u00e4 <br>mathcad@zenex.fi<\/h2>\t\t<\/div>\n\t\t\t\t<\/div>\n\t\t\t\t\t<\/div>\n\t\t<\/div>\n\t\t\t\t\t<\/div>\n\t\t<\/section>\n\t\t\t\t<section class=\"elementor-section elementor-top-section elementor-element elementor-element-3399d81 elementor-section-boxed elementor-section-height-default elementor-section-height-default\" data-id=\"3399d81\" data-element_type=\"section\">\n\t\t\t\t\t\t<div class=\"elementor-container elementor-column-gap-default\">\n\t\t\t\t\t<div class=\"elementor-column elementor-col-100 elementor-top-column elementor-element elementor-element-57cbd0c\" data-id=\"57cbd0c\" data-element_type=\"column\">\n\t\t\t<div class=\"elementor-widget-wrap elementor-element-populated\">\n\t\t\t\t\t\t<div class=\"elementor-element elementor-element-22c3183 elementor-widget elementor-widget-heading\" data-id=\"22c3183\" data-element_type=\"widget\" data-widget_type=\"heading.default\">\n\t\t\t\t<div class=\"elementor-widget-container\">\n\t\t\t<h2 class=\"elementor-heading-title elementor-size-default\">Globaali verkkolisenssi<\/h2>\t\t<\/div>\n\t\t\t\t<\/div>\n\t\t\t\t<div class=\"elementor-element elementor-element-2a2605f elementor-widget elementor-widget-text-editor\" data-id=\"2a2605f\" data-element_type=\"widget\" data-widget_type=\"text-editor.default\">\n\t\t\t\t<div class=\"elementor-widget-container\">\n\t\t\t\t\t\t\t<p>Jos yrityksell\u00e4 on toimipisteit\u00e4 ulkomailla, tarvitaan t\u00e4ll\u00f6in globaali verkkolisenssi.<\/p>\t\t\t\t\t\t<\/div>\n\t\t\t\t<\/div>\n\t\t\t\t\t<\/div>\n\t\t<\/div>\n\t\t\t\t\t<\/div>\n\t\t<\/section>\n\t\t\t\t<section class=\"elementor-section elementor-top-section elementor-element elementor-element-fd0fa47 elementor-section-boxed elementor-section-height-default elementor-section-height-default\" data-id=\"fd0fa47\" data-element_type=\"section\">\n\t\t\t\t\t\t<div class=\"elementor-container elementor-column-gap-default\">\n\t\t\t\t\t<div class=\"elementor-column elementor-col-50 elementor-top-column elementor-element elementor-element-fa33ff9\" data-id=\"fa33ff9\" data-element_type=\"column\">\n\t\t\t<div class=\"elementor-widget-wrap elementor-element-populated\">\n\t\t\t\t\t\t<div class=\"elementor-element elementor-element-ba42f4a elementor-widget elementor-widget-heading\" data-id=\"ba42f4a\" data-element_type=\"widget\" data-widget_type=\"heading.default\">\n\t\t\t\t<div class=\"elementor-widget-container\">\n\t\t\t<h2 class=\"elementor-heading-title elementor-size-default\">Verkkolisenssi<\/h2>\t\t<\/div>\n\t\t\t\t<\/div>\n\t\t\t\t<div class=\"elementor-element elementor-element-694f843 elementor-widget elementor-widget-text-editor\" data-id=\"694f843\" data-element_type=\"widget\" data-widget_type=\"text-editor.default\">\n\t\t\t\t<div class=\"elementor-widget-container\">\n\t\t\t\t\t\t\t<p>Verkkolisenssi asennetaan palvelimelle tai palvelimena toimivalle koneelle.\u00a0 Lisenssi\u00e4 hallitaan lisenssinhallintaohjelmiston avulla. Loppuk\u00e4ytt\u00e4j\u00e4 saa lisenssin k\u00e4ytt\u00f6\u00f6n, kun h\u00e4n\u00a0 avaa Mathcad Prime -ohjelmiston ja ottaa yhteyden palvelimeen.<\/p><p>\u00a0<\/p><p>Esimerkki: Ty\u00f6paikalla on kaksi ty\u00f6skentelypistett\u00e4 kaukana toisistaan tai yrityksen toimipisteet sijaitsevat eri paikkakunnilla Suomessa. Molemmissa ty\u00f6pisteiss\u00e4 on asennettuna Mathcad Prime ja molemmat ovat yrityksen verkossa. K\u00e4ytt\u00e4j\u00e4 voi milt\u00e4 tahansa ty\u00f6pisteelt\u00e4 k\u00e4ynnist\u00e4\u00e4 ohjelmiston.<\/p><p>\u00a0<\/p><p>Jos verkkolisenssej\u00e4 on 1 kpl, t\u00e4ll\u00f6in yht\u00e4aikaisia k\u00e4ytt\u00e4ji\u00e4 voi olla 1 kerrallaan. Jos verkkolisenssej\u00e4 on 2 kpl, t\u00e4ll\u00f6in samaan aikaan voi olla 2 k\u00e4ytt\u00e4j\u00e4\u00e4 eri toimipisteill\u00e4.<\/p><p>\u00a0<\/p><p>Useimmiten 2 kpl verkkolisenssi\u00e4 riitt\u00e4\u00e4 4-5 ty\u00f6ntekij\u00e4lle.<\/p><p>\u00a0<\/p><p>Jokaisen verkkolisenssin mukana saa 3 kpl <strong>kotik\u00e4ytt\u00f6oikeuksia<\/strong>, jotka on tarkoitettu et\u00e4ty\u00f6h\u00f6n tai -harjoitteluun omalla kotikoneella.<\/p><p>\u00a0<\/p><p><b>Kotik\u00e4ytt\u00f6oikeudet toimivat samalla tavoin kuin yhden koneen lisenssit, niiden k\u00e4ytt\u00f6 yrityksen koneilla ja tiloissa ei kuitenkaan ole sallittua.<\/b><\/p><p>\u00a0<\/p><p>Mik\u00e4li yrityksen omistamalle koneelle tarvitaan et\u00e4yhteys kotiin tai matkalle, se voidaan toteuttaa verkkolisenssin ja VPN-yhteyden avulla.<\/p>\t\t\t\t\t\t<\/div>\n\t\t\t\t<\/div>\n\t\t\t\t\t<\/div>\n\t\t<\/div>\n\t\t\t\t<div class=\"elementor-column elementor-col-50 elementor-top-column elementor-element elementor-element-7f486f1\" data-id=\"7f486f1\" data-element_type=\"column\">\n\t\t\t<div class=\"elementor-widget-wrap elementor-element-populated\">\n\t\t\t\t\t\t<div class=\"elementor-element elementor-element-f83517c elementor-widget elementor-widget-heading\" data-id=\"f83517c\" data-element_type=\"widget\" data-widget_type=\"heading.default\">\n\t\t\t\t<div class=\"elementor-widget-container\">\n\t\t\t<h2 class=\"elementor-heading-title elementor-size-default\">Yhden koneen lisenssi<\/h2>\t\t<\/div>\n\t\t\t\t<\/div>\n\t\t\t\t<div class=\"elementor-element elementor-element-0ae56ad elementor-widget elementor-widget-text-editor\" data-id=\"0ae56ad\" data-element_type=\"widget\" data-widget_type=\"text-editor.default\">\n\t\t\t\t<div class=\"elementor-widget-container\">\n\t\t\t\t\t\t\t<p>Yhden koneen lisenssi asennetaan yhden k\u00e4ytt\u00e4j\u00e4n koneelle. Lisenssi on kuitenkin siirrett\u00e4viss\u00e4, jos kone vaihtuu.<\/p><p>\u00a0<\/p><p>Konekohtainen lisenssi tulee olla tallennettuna sille koneelle, jolta sit\u00e4 k\u00e4ytet\u00e4\u00e4n eik\u00e4 esimerkiksi pilvitallennustilaan tai verkkoasemalle.<\/p><p>\u00a0<\/p><p>Esimerkki: Ty\u00f6paikalla voi olla 2 kpl verkkolisenssi\u00e4, mutta yksi niist\u00e4 on koko ajan varattuna. T\u00e4ll\u00f6in henkil\u00f6n, joka varaa verkkolisenssin jatkuvaan k\u00e4ytt\u00f6\u00f6n on parempi k\u00e4ytt\u00e4\u00e4 yhden koneen lisenssi\u00e4. T\u00e4ll\u00f6in verkkolisenssit vapautuvat muiden ty\u00f6ntekij\u00f6iden satunnaiseen k\u00e4ytt\u00f6\u00f6n.<\/p><p>\u00a0<\/p><p>Yhden koneen lisenssin mukana toimitetaan 2 kpl <strong>kotik\u00e4ytt\u00f6oikeuksia<\/strong>, jotka on tarkoitettu et\u00e4ty\u00f6h\u00f6n tai -harjoitteluun omalla kotikoneella.<\/p><p>\u00a0<\/p><p><b>Kotik\u00e4ytt\u00f6oikeudet toimivat samalla tavoin kuin yhden koneen lisenssit, niiden k\u00e4ytt\u00f6 yrityksen koneilla ja tiloissa ei kuitenkaan ole sallittua.<\/b><\/p><p>\u00a0<\/p><p>Mik\u00e4li yrityksen omistamalle koneelle tarvitaan et\u00e4yhteys kotiin tai matkalle, se voidaan toteuttaa verkkolisenssin ja VPN-yhteyden avulla.<\/p>\t\t\t\t\t\t<\/div>\n\t\t\t\t<\/div>\n\t\t\t\t\t<\/div>\n\t\t<\/div>\n\t\t\t\t\t<\/div>\n\t\t<\/section>\n\t\t\t\t<\/div>\n\t\t","protected":false},"excerpt":{"rendered":"<p>OPISKELIJALISENSSI \/ STUDENT LICENSE Mathcad Prime tilauslomake Mathcad Prime tilauslomake Voit my\u00f6s olla yhteydess\u00e4 mathcad@zenex.fi Globaali verkkolisenssi Jos yrityksell\u00e4 on toimipisteit\u00e4 ulkomailla, tarvitaan t\u00e4ll\u00f6in globaali verkkolisenssi. Verkkolisenssi Verkkolisenssi asennetaan palvelimelle tai palvelimena toimivalle koneelle.\u00a0 Lisenssi\u00e4 hallitaan lisenssinhallintaohjelmiston avulla. Loppuk\u00e4ytt\u00e4j\u00e4 saa lisenssin k\u00e4ytt\u00f6\u00f6n, kun h\u00e4n\u00a0 avaa Mathcad Prime -ohjelmiston ja ottaa yhteyden palvelimeen. \u00a0 Esimerkki: Ty\u00f6paikalla&hellip; <a class=\"more-link\" href=\"https:\/\/mathcad.fi\/?page_id=360\">Continue reading <span class=\"screen-reader-text\">Lisenssi yritykselle<\/span><\/a><\/p>\n","protected":false},"author":1,"featured_media":0,"parent":0,"menu_order":0,"comment_status":"closed","ping_status":"closed","template":"elementor_header_footer","meta":{"footnotes":""},"class_list":["post-360","page","type-page","status-publish","hentry","entry"],"yoast_head":"<!-- This site is optimized with the Yoast SEO plugin v23.8 - https:\/\/yoast.com\/wordpress\/plugins\/seo\/ -->\n<title>Lisenssi yritykselle<\/title>\n<meta name=\"robots\" content=\"index, follow, max-snippet:-1, max-image-preview:large, max-video-preview:-1\" \/>\n<link rel=\"canonical\" href=\"https:\/\/mathcad.fi\/?page_id=360\" \/>\n<meta property=\"og:locale\" content=\"en_US\" \/>\n<meta property=\"og:type\" content=\"article\" \/>\n<meta property=\"og:title\" content=\"Lisenssi yritykselle\" \/>\n<meta property=\"og:description\" content=\"OPISKELIJALISENSSI \/ STUDENT LICENSE Mathcad Prime tilauslomake Mathcad Prime tilauslomake Voit my\u00f6s olla yhteydess\u00e4 mathcad@zenex.fi Globaali verkkolisenssi Jos yrityksell\u00e4 on toimipisteit\u00e4 ulkomailla, tarvitaan t\u00e4ll\u00f6in globaali verkkolisenssi. Verkkolisenssi Verkkolisenssi asennetaan palvelimelle tai palvelimena toimivalle koneelle.\u00a0 Lisenssi\u00e4 hallitaan lisenssinhallintaohjelmiston avulla. Loppuk\u00e4ytt\u00e4j\u00e4 saa lisenssin k\u00e4ytt\u00f6\u00f6n, kun h\u00e4n\u00a0 avaa Mathcad Prime -ohjelmiston ja ottaa yhteyden palvelimeen. \u00a0 Esimerkki: Ty\u00f6paikalla&hellip; Continue reading Lisenssi yritykselle\" \/>\n<meta property=\"og:url\" content=\"https:\/\/mathcad.fi\/?page_id=360\" \/>\n<meta property=\"og:site_name\" content=\"Mathcad\" \/>\n<meta property=\"article:modified_time\" content=\"2025-09-15T12:26:03+00:00\" \/>\n<meta name=\"twitter:card\" content=\"summary_large_image\" \/>\n<meta name=\"twitter:label1\" content=\"Est. reading time\" \/>\n\t<meta name=\"twitter:data1\" content=\"2 minutes\" \/>\n<script type=\"application\/ld+json\" class=\"yoast-schema-graph\">{\"@context\":\"https:\/\/schema.org\",\"@graph\":[{\"@type\":\"WebPage\",\"@id\":\"https:\/\/mathcad.fi\/?page_id=360\",\"url\":\"https:\/\/mathcad.fi\/?page_id=360\",\"name\":\"Lisenssi yritykselle\",\"isPartOf\":{\"@id\":\"https:\/\/mathcad.fi\/#website\"},\"datePublished\":\"2023-06-28T11:24:31+00:00\",\"dateModified\":\"2025-09-15T12:26:03+00:00\",\"breadcrumb\":{\"@id\":\"https:\/\/mathcad.fi\/?page_id=360#breadcrumb\"},\"inLanguage\":\"en-US\",\"potentialAction\":[{\"@type\":\"ReadAction\",\"target\":[\"https:\/\/mathcad.fi\/?page_id=360\"]}]},{\"@type\":\"BreadcrumbList\",\"@id\":\"https:\/\/mathcad.fi\/?page_id=360#breadcrumb\",\"itemListElement\":[{\"@type\":\"ListItem\",\"position\":1,\"name\":\"Home\",\"item\":\"https:\/\/mathcad.fi\/\"},{\"@type\":\"ListItem\",\"position\":2,\"name\":\"Lisenssi yritykselle\"}]},{\"@type\":\"WebSite\",\"@id\":\"https:\/\/mathcad.fi\/#website\",\"url\":\"https:\/\/mathcad.fi\/\",\"name\":\"Mathcad\",\"description\":\"Teknisen laskennan ohjelmisto\",\"potentialAction\":[{\"@type\":\"SearchAction\",\"target\":{\"@type\":\"EntryPoint\",\"urlTemplate\":\"https:\/\/mathcad.fi\/?s={search_term_string}\"},\"query-input\":{\"@type\":\"PropertyValueSpecification\",\"valueRequired\":true,\"valueName\":\"search_term_string\"}}],\"inLanguage\":\"en-US\"}]}<\/script>\n<!-- \/ Yoast SEO plugin. -->","yoast_head_json":{"title":"Lisenssi yritykselle","robots":{"index":"index","follow":"follow","max-snippet":"max-snippet:-1","max-image-preview":"max-image-preview:large","max-video-preview":"max-video-preview:-1"},"canonical":"https:\/\/mathcad.fi\/?page_id=360","og_locale":"en_US","og_type":"article","og_title":"Lisenssi yritykselle","og_description":"OPISKELIJALISENSSI \/ STUDENT LICENSE Mathcad Prime tilauslomake Mathcad Prime tilauslomake Voit my\u00f6s olla yhteydess\u00e4 mathcad@zenex.fi Globaali verkkolisenssi Jos yrityksell\u00e4 on toimipisteit\u00e4 ulkomailla, tarvitaan t\u00e4ll\u00f6in globaali verkkolisenssi. Verkkolisenssi Verkkolisenssi asennetaan palvelimelle tai palvelimena toimivalle koneelle.\u00a0 Lisenssi\u00e4 hallitaan lisenssinhallintaohjelmiston avulla. Loppuk\u00e4ytt\u00e4j\u00e4 saa lisenssin k\u00e4ytt\u00f6\u00f6n, kun h\u00e4n\u00a0 avaa Mathcad Prime -ohjelmiston ja ottaa yhteyden palvelimeen. \u00a0 Esimerkki: Ty\u00f6paikalla&hellip; Continue reading Lisenssi yritykselle","og_url":"https:\/\/mathcad.fi\/?page_id=360","og_site_name":"Mathcad","article_modified_time":"2025-09-15T12:26:03+00:00","twitter_card":"summary_large_image","twitter_misc":{"Est. reading time":"2 minutes"},"schema":{"@context":"https:\/\/schema.org","@graph":[{"@type":"WebPage","@id":"https:\/\/mathcad.fi\/?page_id=360","url":"https:\/\/mathcad.fi\/?page_id=360","name":"Lisenssi yritykselle","isPartOf":{"@id":"https:\/\/mathcad.fi\/#website"},"datePublished":"2023-06-28T11:24:31+00:00","dateModified":"2025-09-15T12:26:03+00:00","breadcrumb":{"@id":"https:\/\/mathcad.fi\/?page_id=360#breadcrumb"},"inLanguage":"en-US","potentialAction":[{"@type":"ReadAction","target":["https:\/\/mathcad.fi\/?page_id=360"]}]},{"@type":"BreadcrumbList","@id":"https:\/\/mathcad.fi\/?page_id=360#breadcrumb","itemListElement":[{"@type":"ListItem","position":1,"name":"Home","item":"https:\/\/mathcad.fi\/"},{"@type":"ListItem","position":2,"name":"Lisenssi yritykselle"}]},{"@type":"WebSite","@id":"https:\/\/mathcad.fi\/#website","url":"https:\/\/mathcad.fi\/","name":"Mathcad","description":"Teknisen laskennan ohjelmisto","potentialAction":[{"@type":"SearchAction","target":{"@type":"EntryPoint","urlTemplate":"https:\/\/mathcad.fi\/?s={search_term_string}"},"query-input":{"@type":"PropertyValueSpecification","valueRequired":true,"valueName":"search_term_string"}}],"inLanguage":"en-US"}]}},"_links":{"self":[{"href":"https:\/\/mathcad.fi\/index.php?rest_route=\/wp\/v2\/pages\/360","targetHints":{"allow":["GET"]}}],"collection":[{"href":"https:\/\/mathcad.fi\/index.php?rest_route=\/wp\/v2\/pages"}],"about":[{"href":"https:\/\/mathcad.fi\/index.php?rest_route=\/wp\/v2\/types\/page"}],"author":[{"embeddable":true,"href":"https:\/\/mathcad.fi\/index.php?rest_route=\/wp\/v2\/users\/1"}],"replies":[{"embeddable":true,"href":"https:\/\/mathcad.fi\/index.php?rest_route=%2Fwp%2Fv2%2Fcomments&post=360"}],"version-history":[{"count":46,"href":"https:\/\/mathcad.fi\/index.php?rest_route=\/wp\/v2\/pages\/360\/revisions"}],"predecessor-version":[{"id":889,"href":"https:\/\/mathcad.fi\/index.php?rest_route=\/wp\/v2\/pages\/360\/revisions\/889"}],"wp:attachment":[{"href":"https:\/\/mathcad.fi\/index.php?rest_route=%2Fwp%2Fv2%2Fmedia&parent=360"}],"curies":[{"name":"wp","href":"https:\/\/api.w.org\/{rel}","templated":true}]}}