{"id":432,"date":"2023-11-23T12:51:43","date_gmt":"2023-11-23T12:51:43","guid":{"rendered":"https:\/\/uusi.mathcad.fi\/?page_id=432"},"modified":"2026-04-20T11:30:36","modified_gmt":"2026-04-20T11:30:36","slug":"lataa-asenna","status":"publish","type":"page","link":"https:\/\/mathcad.fi\/?page_id=432","title":{"rendered":"Lataa &#038; Asenna"},"content":{"rendered":"\t\t<div data-elementor-type=\"wp-page\" data-elementor-id=\"432\" class=\"elementor elementor-432\">\n\t\t\t\t\t\t<section class=\"elementor-section elementor-top-section elementor-element elementor-element-bf23600 elementor-section-boxed elementor-section-height-default elementor-section-height-default\" data-id=\"bf23600\" data-element_type=\"section\">\n\t\t\t\t\t\t<div class=\"elementor-container elementor-column-gap-default\">\n\t\t\t\t\t<div class=\"elementor-column elementor-col-100 elementor-top-column elementor-element elementor-element-1ba163e\" data-id=\"1ba163e\" data-element_type=\"column\">\n\t\t\t<div class=\"elementor-widget-wrap elementor-element-populated\">\n\t\t\t\t\t\t<div class=\"elementor-element elementor-element-5d0ef7e elementor-widget elementor-widget-heading\" data-id=\"5d0ef7e\" data-element_type=\"widget\" data-widget_type=\"heading.default\">\n\t\t\t\t<div class=\"elementor-widget-container\">\n\t\t\t<h2 class=\"elementor-heading-title elementor-size-default\">Voit asentaa Mathcad Prime uusimman version n\u00e4in:<\/h2>\t\t<\/div>\n\t\t\t\t<\/div>\n\t\t\t\t<div class=\"elementor-element elementor-element-0e70018 elementor-widget elementor-widget-text-editor\" data-id=\"0e70018\" data-element_type=\"widget\" data-widget_type=\"text-editor.default\">\n\t\t\t\t<div class=\"elementor-widget-container\">\n\t\t\t\t\t\t\t<ol><li><a href=\"https:\/\/zenex.fi\/tuki\/index.php\/mathcad-asennustiedostot\/\" target=\"_blank\" rel=\"noopener\">Lataa tukisivultamme zenex.fi\/tuki uusin Mathcad Prime -versio<\/a><\/li><li>Pura pakattu (.zip) kansio ja k\u00e4ynnist\u00e4 asennus k\u00e4ytt\u00e4m\u00e4ll\u00e4 Setup.exe toimintoa tai vaihtoehtoisesti ansiossa ptcsh0 l\u00f6yd\u00e4t &#8220;PrimeWixInstaller_64bit.exe&#8221; tiedoston 64-bittiselle j\u00e4rjestelm\u00e4lle<\/li><li>K\u00e4ynnist\u00e4 laitteesi uudelleen asennuksen j\u00e4lkeen!<\/li><\/ol><div>\u00a0<\/div>\t\t\t\t\t\t<\/div>\n\t\t\t\t<\/div>\n\t\t\t\t\t<\/div>\n\t\t<\/div>\n\t\t\t\t\t<\/div>\n\t\t<\/section>\n\t\t\t\t<section class=\"elementor-section elementor-top-section elementor-element elementor-element-e8b2c61 elementor-section-boxed elementor-section-height-default elementor-section-height-default\" data-id=\"e8b2c61\" data-element_type=\"section\">\n\t\t\t\t\t\t<div class=\"elementor-container elementor-column-gap-default\">\n\t\t\t\t\t<div class=\"elementor-column elementor-col-100 elementor-top-column elementor-element elementor-element-2a9fea8\" data-id=\"2a9fea8\" data-element_type=\"column\">\n\t\t\t<div class=\"elementor-widget-wrap elementor-element-populated\">\n\t\t\t\t\t\t<section class=\"elementor-section elementor-inner-section elementor-element elementor-element-23ff93c elementor-section-boxed elementor-section-height-default elementor-section-height-default\" data-id=\"23ff93c\" data-element_type=\"section\">\n\t\t\t\t\t\t<div class=\"elementor-container elementor-column-gap-default\">\n\t\t\t\t\t<div class=\"elementor-column elementor-col-50 elementor-inner-column elementor-element elementor-element-899cb50\" data-id=\"899cb50\" data-element_type=\"column\">\n\t\t\t<div class=\"elementor-widget-wrap elementor-element-populated\">\n\t\t\t\t\t\t<div class=\"elementor-element elementor-element-2b15113 elementor-widget elementor-widget-heading\" data-id=\"2b15113\" data-element_type=\"widget\" data-widget_type=\"heading.default\">\n\t\t\t\t<div class=\"elementor-widget-container\">\n\t\t\t<h2 class=\"elementor-heading-title elementor-size-default\">Kokeilulisenssin<br>(30 pv) aktivointi:<\/h2>\t\t<\/div>\n\t\t\t\t<\/div>\n\t\t\t\t<div class=\"elementor-element elementor-element-5c14c22 elementor-widget elementor-widget-text-editor\" data-id=\"5c14c22\" data-element_type=\"widget\" data-widget_type=\"text-editor.default\">\n\t\t\t\t<div class=\"elementor-widget-container\">\n\t\t\t\t\t\t\t<p>Ensimm\u00e4isen k\u00e4ynnistyksen yhteydess\u00e4 voit luoda tunnuksen support.ptc.com j\u00e4rjestelm\u00e4\u00e4n ja aktivoida itsellesi v\u00e4liaikaisen lisenssin 30 p\u00e4iv\u00e4n ajaksi esimerkiksi odottaessasi lisenssitoimitusta tai varmistaaksesi ohjelman toiminnan.<br \/><br \/>Huom! Jos olet jo kerran k\u00e4ytt\u00e4nyt 30 p\u00e4iv\u00e4n kokeilulisenssin koneellasi, ei sen aktivointi\u00a0 uudelleen v\u00e4ltt\u00e4m\u00e4tt\u00e4 onnistu.<\/p>\t\t\t\t\t\t<\/div>\n\t\t\t\t<\/div>\n\t\t\t\t\t<\/div>\n\t\t<\/div>\n\t\t\t\t<div class=\"elementor-column elementor-col-50 elementor-inner-column elementor-element elementor-element-71d0848\" data-id=\"71d0848\" data-element_type=\"column\">\n\t\t\t<div class=\"elementor-widget-wrap elementor-element-populated\">\n\t\t\t\t\t\t<div class=\"elementor-element elementor-element-43a74de elementor-widget elementor-widget-heading\" data-id=\"43a74de\" data-element_type=\"widget\" data-widget_type=\"heading.default\">\n\t\t\t\t<div class=\"elementor-widget-container\">\n\t\t\t<h2 class=\"elementor-heading-title elementor-size-default\">Jos sinulla on jo <br>hankittu lisenssi:<\/h2>\t\t<\/div>\n\t\t\t\t<\/div>\n\t\t\t\t<div class=\"elementor-element elementor-element-7fc4d18 elementor-widget elementor-widget-text-editor\" data-id=\"7fc4d18\" data-element_type=\"widget\" data-widget_type=\"text-editor.default\">\n\t\t\t\t<div class=\"elementor-widget-container\">\n\t\t\t\t\t\t\t<p><a href=\"https:\/\/mathcad.fi\/?page_id=486\">Konekohtaisen lisenssin aktivointiohje<\/a><\/p><p>\u00a0<\/p><p><a href=\"https:\/\/mathcad.fi\/?page_id=491\">Verkkolisenssin aktivointiohje<\/a><\/p><p>\u00a0<\/p><p><a href=\"https:\/\/mathcad.fi\/wp-content\/uploads\/2024\/09\/opiskelijalisenssinohje.pdf\">Opiskelijalisenssin aktivointiohje<\/a><\/p><p>\u00a0<\/p><p>Jos olet ostanut lisenssin, mutta lisenssitiedosto tai aktivointikoodisi puuttuu, kysy lisenssi\u00e4: mathcad@zenex.fi<\/p>\t\t\t\t\t\t<\/div>\n\t\t\t\t<\/div>\n\t\t\t\t\t<\/div>\n\t\t<\/div>\n\t\t\t\t\t<\/div>\n\t\t<\/section>\n\t\t\t\t\t<\/div>\n\t\t<\/div>\n\t\t\t\t\t<\/div>\n\t\t<\/section>\n\t\t\t\t<section class=\"elementor-section elementor-top-section elementor-element elementor-element-241beac elementor-section-boxed elementor-section-height-default elementor-section-height-default\" data-id=\"241beac\" data-element_type=\"section\">\n\t\t\t\t\t\t<div class=\"elementor-container elementor-column-gap-default\">\n\t\t\t\t\t<div class=\"elementor-column elementor-col-100 elementor-top-column elementor-element elementor-element-900b3af\" data-id=\"900b3af\" data-element_type=\"column\">\n\t\t\t<div class=\"elementor-widget-wrap elementor-element-populated\">\n\t\t\t\t\t\t<div class=\"elementor-element elementor-element-08b8cae elementor-widget elementor-widget-heading\" data-id=\"08b8cae\" data-element_type=\"widget\" data-widget_type=\"heading.default\">\n\t\t\t\t<div class=\"elementor-widget-container\">\n\t\t\t<h2 class=\"elementor-heading-title elementor-size-default\">Verkkolisenssin hallinta (LMGRD)<\/h2>\t\t<\/div>\n\t\t\t\t<\/div>\n\t\t\t\t<div class=\"elementor-element elementor-element-fb8c2d0 elementor-widget elementor-widget-text-editor\" data-id=\"fb8c2d0\" data-element_type=\"widget\" data-widget_type=\"text-editor.default\">\n\t\t\t\t<div class=\"elementor-widget-container\">\n\t\t\t\t\t\t\t<ol><li>Voit ladata <a href=\"https:\/\/www.ptc.com\/support\/-\/media\/support\/refdocs\/Creo_Parametric\/compatibility\/PTC_LMS_Download.pdf?sc_lang=en\">verkkolisenssin asennuspaketin valmistajan sivulta<\/a>, kohdasta &#8220;flex11.19.6.0_x86e_win64.zip&#8221;<\/li><li>Asennusta varten tarvitset lisenssitiedoston, jolloin saat <a href=\"https:\/\/mathcad.fi\/ohjeet\/M15_lisenssihallinta.pdf\">asennettua verkkolisenssin ohjeillamme<\/a>.<\/li><\/ol><div>\u00a0<\/div>\t\t\t\t\t\t<\/div>\n\t\t\t\t<\/div>\n\t\t\t\t\t<\/div>\n\t\t<\/div>\n\t\t\t\t\t<\/div>\n\t\t<\/section>\n\t\t\t\t<\/div>\n\t\t","protected":false},"excerpt":{"rendered":"<p>Voit asentaa Mathcad Prime uusimman version n\u00e4in: Lataa tukisivultamme zenex.fi\/tuki uusin Mathcad Prime -versio Pura pakattu (.zip) kansio ja k\u00e4ynnist\u00e4 asennus k\u00e4ytt\u00e4m\u00e4ll\u00e4 Setup.exe toimintoa tai vaihtoehtoisesti ansiossa ptcsh0 l\u00f6yd\u00e4t &#8220;PrimeWixInstaller_64bit.exe&#8221; tiedoston 64-bittiselle j\u00e4rjestelm\u00e4lle K\u00e4ynnist\u00e4 laitteesi uudelleen asennuksen j\u00e4lkeen! \u00a0 Kokeilulisenssin(30 pv) aktivointi: Ensimm\u00e4isen k\u00e4ynnistyksen yhteydess\u00e4 voit luoda tunnuksen support.ptc.com j\u00e4rjestelm\u00e4\u00e4n ja aktivoida itsellesi v\u00e4liaikaisen lisenssin&hellip; <a class=\"more-link\" href=\"https:\/\/mathcad.fi\/?page_id=432\">Continue reading <span class=\"screen-reader-text\">Lataa &#038; Asenna<\/span><\/a><\/p>\n","protected":false},"author":1,"featured_media":0,"parent":0,"menu_order":0,"comment_status":"closed","ping_status":"closed","template":"elementor_header_footer","meta":{"footnotes":""},"class_list":["post-432","page","type-page","status-publish","hentry","entry"],"yoast_head":"<!-- This site is optimized with the Yoast SEO plugin v23.8 - https:\/\/yoast.com\/wordpress\/plugins\/seo\/ -->\n<title>Lataa &amp; Asenna<\/title>\n<meta name=\"robots\" content=\"index, follow, max-snippet:-1, max-image-preview:large, max-video-preview:-1\" \/>\n<link rel=\"canonical\" href=\"https:\/\/mathcad.fi\/?page_id=432\" \/>\n<meta property=\"og:locale\" content=\"en_US\" \/>\n<meta property=\"og:type\" content=\"article\" \/>\n<meta property=\"og:title\" content=\"Lataa &amp; Asenna\" \/>\n<meta property=\"og:description\" content=\"Voit asentaa Mathcad Prime uusimman version n\u00e4in: Lataa tukisivultamme zenex.fi\/tuki uusin Mathcad Prime -versio Pura pakattu (.zip) kansio ja k\u00e4ynnist\u00e4 asennus k\u00e4ytt\u00e4m\u00e4ll\u00e4 Setup.exe toimintoa tai vaihtoehtoisesti ansiossa ptcsh0 l\u00f6yd\u00e4t &#8220;PrimeWixInstaller_64bit.exe&#8221; tiedoston 64-bittiselle j\u00e4rjestelm\u00e4lle K\u00e4ynnist\u00e4 laitteesi uudelleen asennuksen j\u00e4lkeen! \u00a0 Kokeilulisenssin(30 pv) aktivointi: Ensimm\u00e4isen k\u00e4ynnistyksen yhteydess\u00e4 voit luoda tunnuksen support.ptc.com j\u00e4rjestelm\u00e4\u00e4n ja aktivoida itsellesi v\u00e4liaikaisen lisenssin&hellip; Continue reading Lataa &#038; Asenna\" \/>\n<meta property=\"og:url\" content=\"https:\/\/mathcad.fi\/?page_id=432\" \/>\n<meta property=\"og:site_name\" content=\"Mathcad\" \/>\n<meta property=\"article:modified_time\" content=\"2026-04-20T11:30:36+00:00\" \/>\n<meta name=\"twitter:card\" content=\"summary_large_image\" \/>\n<meta name=\"twitter:label1\" content=\"Est. reading time\" \/>\n\t<meta name=\"twitter:data1\" content=\"1 minute\" \/>\n<script type=\"application\/ld+json\" class=\"yoast-schema-graph\">{\"@context\":\"https:\/\/schema.org\",\"@graph\":[{\"@type\":\"WebPage\",\"@id\":\"https:\/\/mathcad.fi\/?page_id=432\",\"url\":\"https:\/\/mathcad.fi\/?page_id=432\",\"name\":\"Lataa & Asenna\",\"isPartOf\":{\"@id\":\"https:\/\/mathcad.fi\/#website\"},\"datePublished\":\"2023-11-23T12:51:43+00:00\",\"dateModified\":\"2026-04-20T11:30:36+00:00\",\"breadcrumb\":{\"@id\":\"https:\/\/mathcad.fi\/?page_id=432#breadcrumb\"},\"inLanguage\":\"en-US\",\"potentialAction\":[{\"@type\":\"ReadAction\",\"target\":[\"https:\/\/mathcad.fi\/?page_id=432\"]}]},{\"@type\":\"BreadcrumbList\",\"@id\":\"https:\/\/mathcad.fi\/?page_id=432#breadcrumb\",\"itemListElement\":[{\"@type\":\"ListItem\",\"position\":1,\"name\":\"Home\",\"item\":\"https:\/\/mathcad.fi\/\"},{\"@type\":\"ListItem\",\"position\":2,\"name\":\"Lataa &#038; Asenna\"}]},{\"@type\":\"WebSite\",\"@id\":\"https:\/\/mathcad.fi\/#website\",\"url\":\"https:\/\/mathcad.fi\/\",\"name\":\"Mathcad\",\"description\":\"Teknisen laskennan ohjelmisto\",\"potentialAction\":[{\"@type\":\"SearchAction\",\"target\":{\"@type\":\"EntryPoint\",\"urlTemplate\":\"https:\/\/mathcad.fi\/?s={search_term_string}\"},\"query-input\":{\"@type\":\"PropertyValueSpecification\",\"valueRequired\":true,\"valueName\":\"search_term_string\"}}],\"inLanguage\":\"en-US\"}]}<\/script>\n<!-- \/ Yoast SEO plugin. -->","yoast_head_json":{"title":"Lataa & Asenna","robots":{"index":"index","follow":"follow","max-snippet":"max-snippet:-1","max-image-preview":"max-image-preview:large","max-video-preview":"max-video-preview:-1"},"canonical":"https:\/\/mathcad.fi\/?page_id=432","og_locale":"en_US","og_type":"article","og_title":"Lataa & Asenna","og_description":"Voit asentaa Mathcad Prime uusimman version n\u00e4in: Lataa tukisivultamme zenex.fi\/tuki uusin Mathcad Prime -versio Pura pakattu (.zip) kansio ja k\u00e4ynnist\u00e4 asennus k\u00e4ytt\u00e4m\u00e4ll\u00e4 Setup.exe toimintoa tai vaihtoehtoisesti ansiossa ptcsh0 l\u00f6yd\u00e4t &#8220;PrimeWixInstaller_64bit.exe&#8221; tiedoston 64-bittiselle j\u00e4rjestelm\u00e4lle K\u00e4ynnist\u00e4 laitteesi uudelleen asennuksen j\u00e4lkeen! \u00a0 Kokeilulisenssin(30 pv) aktivointi: Ensimm\u00e4isen k\u00e4ynnistyksen yhteydess\u00e4 voit luoda tunnuksen support.ptc.com j\u00e4rjestelm\u00e4\u00e4n ja aktivoida itsellesi v\u00e4liaikaisen lisenssin&hellip; Continue reading Lataa &#038; Asenna","og_url":"https:\/\/mathcad.fi\/?page_id=432","og_site_name":"Mathcad","article_modified_time":"2026-04-20T11:30:36+00:00","twitter_card":"summary_large_image","twitter_misc":{"Est. reading time":"1 minute"},"schema":{"@context":"https:\/\/schema.org","@graph":[{"@type":"WebPage","@id":"https:\/\/mathcad.fi\/?page_id=432","url":"https:\/\/mathcad.fi\/?page_id=432","name":"Lataa & Asenna","isPartOf":{"@id":"https:\/\/mathcad.fi\/#website"},"datePublished":"2023-11-23T12:51:43+00:00","dateModified":"2026-04-20T11:30:36+00:00","breadcrumb":{"@id":"https:\/\/mathcad.fi\/?page_id=432#breadcrumb"},"inLanguage":"en-US","potentialAction":[{"@type":"ReadAction","target":["https:\/\/mathcad.fi\/?page_id=432"]}]},{"@type":"BreadcrumbList","@id":"https:\/\/mathcad.fi\/?page_id=432#breadcrumb","itemListElement":[{"@type":"ListItem","position":1,"name":"Home","item":"https:\/\/mathcad.fi\/"},{"@type":"ListItem","position":2,"name":"Lataa &#038; Asenna"}]},{"@type":"WebSite","@id":"https:\/\/mathcad.fi\/#website","url":"https:\/\/mathcad.fi\/","name":"Mathcad","description":"Teknisen laskennan ohjelmisto","potentialAction":[{"@type":"SearchAction","target":{"@type":"EntryPoint","urlTemplate":"https:\/\/mathcad.fi\/?s={search_term_string}"},"query-input":{"@type":"PropertyValueSpecification","valueRequired":true,"valueName":"search_term_string"}}],"inLanguage":"en-US"}]}},"_links":{"self":[{"href":"https:\/\/mathcad.fi\/index.php?rest_route=\/wp\/v2\/pages\/432","targetHints":{"allow":["GET"]}}],"collection":[{"href":"https:\/\/mathcad.fi\/index.php?rest_route=\/wp\/v2\/pages"}],"about":[{"href":"https:\/\/mathcad.fi\/index.php?rest_route=\/wp\/v2\/types\/page"}],"author":[{"embeddable":true,"href":"https:\/\/mathcad.fi\/index.php?rest_route=\/wp\/v2\/users\/1"}],"replies":[{"embeddable":true,"href":"https:\/\/mathcad.fi\/index.php?rest_route=%2Fwp%2Fv2%2Fcomments&post=432"}],"version-history":[{"count":82,"href":"https:\/\/mathcad.fi\/index.php?rest_route=\/wp\/v2\/pages\/432\/revisions"}],"predecessor-version":[{"id":934,"href":"https:\/\/mathcad.fi\/index.php?rest_route=\/wp\/v2\/pages\/432\/revisions\/934"}],"wp:attachment":[{"href":"https:\/\/mathcad.fi\/index.php?rest_route=%2Fwp%2Fv2%2Fmedia&parent=432"}],"curies":[{"name":"wp","href":"https:\/\/api.w.org\/{rel}","templated":true}]}}