{"id":46,"date":"2023-01-12T10:00:41","date_gmt":"2023-01-12T10:00:41","guid":{"rendered":"https:\/\/uusi.mathcad.fi\/?page_id=46"},"modified":"2025-09-19T13:40:57","modified_gmt":"2025-09-19T13:40:57","slug":"yhteystiedot","status":"publish","type":"page","link":"https:\/\/mathcad.fi\/?page_id=46","title":{"rendered":"Yhteystiedot"},"content":{"rendered":"\t\t<div data-elementor-type=\"wp-page\" data-elementor-id=\"46\" class=\"elementor elementor-46\">\n\t\t\t\t\t\t<section class=\"elementor-section elementor-top-section elementor-element elementor-element-479982d elementor-section-boxed elementor-section-height-default elementor-section-height-default\" data-id=\"479982d\" data-element_type=\"section\">\n\t\t\t\t\t\t<div class=\"elementor-container elementor-column-gap-default\">\n\t\t\t\t\t<div class=\"elementor-column elementor-col-100 elementor-top-column elementor-element elementor-element-4de21c9\" data-id=\"4de21c9\" data-element_type=\"column\">\n\t\t\t<div class=\"elementor-widget-wrap elementor-element-populated\">\n\t\t\t\t\t\t<div class=\"elementor-element elementor-element-197101b elementor-widget elementor-widget-text-editor\" data-id=\"197101b\" data-element_type=\"widget\" data-widget_type=\"text-editor.default\">\n\t\t\t\t<div class=\"elementor-widget-container\">\n\t\t\t\t\t\t\t<p>Kaikki kysymykset liittyen Mathcad-tuotteisiin voi l\u00e4hett\u00e4\u00e4:<\/p><p>\u00a0<\/p><p><strong>mathcad@zenex.fi<\/strong><\/p>\t\t\t\t\t\t<\/div>\n\t\t\t\t<\/div>\n\t\t\t\t<section class=\"elementor-section elementor-inner-section elementor-element elementor-element-203bf9f elementor-section-boxed elementor-section-height-default elementor-section-height-default\" data-id=\"203bf9f\" data-element_type=\"section\">\n\t\t\t\t\t\t<div class=\"elementor-container elementor-column-gap-default\">\n\t\t\t\t\t<div class=\"elementor-column elementor-col-50 elementor-inner-column elementor-element elementor-element-152f6d0\" data-id=\"152f6d0\" data-element_type=\"column\">\n\t\t\t<div class=\"elementor-widget-wrap elementor-element-populated\">\n\t\t\t\t\t\t<div class=\"elementor-element elementor-element-c7cf05b elementor-widget elementor-widget-text-editor\" data-id=\"c7cf05b\" data-element_type=\"widget\" data-widget_type=\"text-editor.default\">\n\t\t\t\t<div class=\"elementor-widget-container\">\n\t\t\t\t\t\t\t<p>Toimistomme sijaitsee:<\/p><p>Lauttasaari, Helsinki<\/p>\t\t\t\t\t\t<\/div>\n\t\t\t\t<\/div>\n\t\t\t\t\t<\/div>\n\t\t<\/div>\n\t\t\t\t<div class=\"elementor-column elementor-col-50 elementor-inner-column elementor-element elementor-element-4b7721a\" data-id=\"4b7721a\" data-element_type=\"column\">\n\t\t\t<div class=\"elementor-widget-wrap elementor-element-populated\">\n\t\t\t\t\t\t<div class=\"elementor-element elementor-element-7b38a84 elementor-widget elementor-widget-text-editor\" data-id=\"7b38a84\" data-element_type=\"widget\" data-widget_type=\"text-editor.default\">\n\t\t\t\t<div class=\"elementor-widget-container\">\n\t\t\t\t\t\t\t<p>Toimistonumeromme on:<\/p><p>010 3225 190<\/p>\t\t\t\t\t\t<\/div>\n\t\t\t\t<\/div>\n\t\t\t\t\t<\/div>\n\t\t<\/div>\n\t\t\t\t\t<\/div>\n\t\t<\/section>\n\t\t\t\t\t<\/div>\n\t\t<\/div>\n\t\t\t\t\t<\/div>\n\t\t<\/section>\n\t\t\t\t<\/div>\n\t\t","protected":false},"excerpt":{"rendered":"<p>Kaikki kysymykset liittyen Mathcad-tuotteisiin voi l\u00e4hett\u00e4\u00e4: \u00a0 mathcad@zenex.fi Toimistomme sijaitsee: Lauttasaari, Helsinki Toimistonumeromme on: 010 3225 190<\/p>\n","protected":false},"author":1,"featured_media":0,"parent":0,"menu_order":0,"comment_status":"closed","ping_status":"closed","template":"elementor_header_footer","meta":{"footnotes":""},"class_list":["post-46","page","type-page","status-publish","hentry","entry"],"yoast_head":"<!-- This site is optimized with the Yoast SEO plugin v23.8 - https:\/\/yoast.com\/wordpress\/plugins\/seo\/ -->\n<title>Yhteystiedot<\/title>\n<meta name=\"robots\" content=\"index, follow, max-snippet:-1, max-image-preview:large, max-video-preview:-1\" \/>\n<link rel=\"canonical\" href=\"https:\/\/mathcad.fi\/?page_id=46\" \/>\n<meta property=\"og:locale\" content=\"en_US\" \/>\n<meta property=\"og:type\" content=\"article\" \/>\n<meta property=\"og:title\" content=\"Yhteystiedot\" \/>\n<meta property=\"og:description\" content=\"Kaikki kysymykset liittyen Mathcad-tuotteisiin voi l\u00e4hett\u00e4\u00e4: \u00a0 mathcad@zenex.fi Toimistomme sijaitsee: Lauttasaari, Helsinki Toimistonumeromme on: 010 3225 190\" \/>\n<meta property=\"og:url\" content=\"https:\/\/mathcad.fi\/?page_id=46\" \/>\n<meta property=\"og:site_name\" content=\"Mathcad\" \/>\n<meta property=\"article:modified_time\" content=\"2025-09-19T13:40:57+00:00\" \/>\n<meta name=\"twitter:card\" content=\"summary_large_image\" \/>\n<meta name=\"twitter:label1\" content=\"Est. reading time\" \/>\n\t<meta name=\"twitter:data1\" content=\"1 minute\" \/>\n<script type=\"application\/ld+json\" class=\"yoast-schema-graph\">{\"@context\":\"https:\/\/schema.org\",\"@graph\":[{\"@type\":\"WebPage\",\"@id\":\"https:\/\/mathcad.fi\/?page_id=46\",\"url\":\"https:\/\/mathcad.fi\/?page_id=46\",\"name\":\"Yhteystiedot\",\"isPartOf\":{\"@id\":\"https:\/\/mathcad.fi\/#website\"},\"datePublished\":\"2023-01-12T10:00:41+00:00\",\"dateModified\":\"2025-09-19T13:40:57+00:00\",\"breadcrumb\":{\"@id\":\"https:\/\/mathcad.fi\/?page_id=46#breadcrumb\"},\"inLanguage\":\"en-US\",\"potentialAction\":[{\"@type\":\"ReadAction\",\"target\":[\"https:\/\/mathcad.fi\/?page_id=46\"]}]},{\"@type\":\"BreadcrumbList\",\"@id\":\"https:\/\/mathcad.fi\/?page_id=46#breadcrumb\",\"itemListElement\":[{\"@type\":\"ListItem\",\"position\":1,\"name\":\"Home\",\"item\":\"https:\/\/mathcad.fi\/\"},{\"@type\":\"ListItem\",\"position\":2,\"name\":\"Yhteystiedot\"}]},{\"@type\":\"WebSite\",\"@id\":\"https:\/\/mathcad.fi\/#website\",\"url\":\"https:\/\/mathcad.fi\/\",\"name\":\"Mathcad\",\"description\":\"Teknisen laskennan ohjelmisto\",\"potentialAction\":[{\"@type\":\"SearchAction\",\"target\":{\"@type\":\"EntryPoint\",\"urlTemplate\":\"https:\/\/mathcad.fi\/?s={search_term_string}\"},\"query-input\":{\"@type\":\"PropertyValueSpecification\",\"valueRequired\":true,\"valueName\":\"search_term_string\"}}],\"inLanguage\":\"en-US\"}]}<\/script>\n<!-- \/ Yoast SEO plugin. -->","yoast_head_json":{"title":"Yhteystiedot","robots":{"index":"index","follow":"follow","max-snippet":"max-snippet:-1","max-image-preview":"max-image-preview:large","max-video-preview":"max-video-preview:-1"},"canonical":"https:\/\/mathcad.fi\/?page_id=46","og_locale":"en_US","og_type":"article","og_title":"Yhteystiedot","og_description":"Kaikki kysymykset liittyen Mathcad-tuotteisiin voi l\u00e4hett\u00e4\u00e4: \u00a0 mathcad@zenex.fi Toimistomme sijaitsee: Lauttasaari, Helsinki Toimistonumeromme on: 010 3225 190","og_url":"https:\/\/mathcad.fi\/?page_id=46","og_site_name":"Mathcad","article_modified_time":"2025-09-19T13:40:57+00:00","twitter_card":"summary_large_image","twitter_misc":{"Est. reading time":"1 minute"},"schema":{"@context":"https:\/\/schema.org","@graph":[{"@type":"WebPage","@id":"https:\/\/mathcad.fi\/?page_id=46","url":"https:\/\/mathcad.fi\/?page_id=46","name":"Yhteystiedot","isPartOf":{"@id":"https:\/\/mathcad.fi\/#website"},"datePublished":"2023-01-12T10:00:41+00:00","dateModified":"2025-09-19T13:40:57+00:00","breadcrumb":{"@id":"https:\/\/mathcad.fi\/?page_id=46#breadcrumb"},"inLanguage":"en-US","potentialAction":[{"@type":"ReadAction","target":["https:\/\/mathcad.fi\/?page_id=46"]}]},{"@type":"BreadcrumbList","@id":"https:\/\/mathcad.fi\/?page_id=46#breadcrumb","itemListElement":[{"@type":"ListItem","position":1,"name":"Home","item":"https:\/\/mathcad.fi\/"},{"@type":"ListItem","position":2,"name":"Yhteystiedot"}]},{"@type":"WebSite","@id":"https:\/\/mathcad.fi\/#website","url":"https:\/\/mathcad.fi\/","name":"Mathcad","description":"Teknisen laskennan ohjelmisto","potentialAction":[{"@type":"SearchAction","target":{"@type":"EntryPoint","urlTemplate":"https:\/\/mathcad.fi\/?s={search_term_string}"},"query-input":{"@type":"PropertyValueSpecification","valueRequired":true,"valueName":"search_term_string"}}],"inLanguage":"en-US"}]}},"_links":{"self":[{"href":"https:\/\/mathcad.fi\/index.php?rest_route=\/wp\/v2\/pages\/46","targetHints":{"allow":["GET"]}}],"collection":[{"href":"https:\/\/mathcad.fi\/index.php?rest_route=\/wp\/v2\/pages"}],"about":[{"href":"https:\/\/mathcad.fi\/index.php?rest_route=\/wp\/v2\/types\/page"}],"author":[{"embeddable":true,"href":"https:\/\/mathcad.fi\/index.php?rest_route=\/wp\/v2\/users\/1"}],"replies":[{"embeddable":true,"href":"https:\/\/mathcad.fi\/index.php?rest_route=%2Fwp%2Fv2%2Fcomments&post=46"}],"version-history":[{"count":43,"href":"https:\/\/mathcad.fi\/index.php?rest_route=\/wp\/v2\/pages\/46\/revisions"}],"predecessor-version":[{"id":900,"href":"https:\/\/mathcad.fi\/index.php?rest_route=\/wp\/v2\/pages\/46\/revisions\/900"}],"wp:attachment":[{"href":"https:\/\/mathcad.fi\/index.php?rest_route=%2Fwp%2Fv2%2Fmedia&parent=46"}],"curies":[{"name":"wp","href":"https:\/\/api.w.org\/{rel}","templated":true}]}}