{"id":516,"date":"2023-12-13T12:28:14","date_gmt":"2023-12-13T12:28:14","guid":{"rendered":"https:\/\/uusi.mathcad.fi\/?page_id=516"},"modified":"2024-10-09T12:17:15","modified_gmt":"2024-10-09T12:17:15","slug":"lisenssi-yritykselle-2","status":"publish","type":"page","link":"https:\/\/mathcad.fi\/?page_id=516","title":{"rendered":"oppilaitoslisenssit"},"content":{"rendered":"\t\t<div data-elementor-type=\"wp-page\" data-elementor-id=\"516\" class=\"elementor elementor-516\">\n\t\t\t\t\t\t<section class=\"elementor-section elementor-top-section elementor-element elementor-element-2fbd554 elementor-section-boxed elementor-section-height-default elementor-section-height-default\" data-id=\"2fbd554\" data-element_type=\"section\">\n\t\t\t\t\t\t<div class=\"elementor-container elementor-column-gap-default\">\n\t\t\t\t\t<div class=\"elementor-column elementor-col-100 elementor-top-column elementor-element elementor-element-4eee996\" data-id=\"4eee996\" data-element_type=\"column\">\n\t\t\t<div class=\"elementor-widget-wrap elementor-element-populated\">\n\t\t\t\t\t\t<div class=\"elementor-element elementor-element-fde4c9d elementor-align-justify elementor-widget elementor-widget-button\" data-id=\"fde4c9d\" data-element_type=\"widget\" data-widget_type=\"button.default\">\n\t\t\t\t<div class=\"elementor-widget-container\">\n\t\t\t\t\t\t\t<div class=\"elementor-button-wrapper\">\n\t\t\t\t\t<a class=\"elementor-button elementor-button-link elementor-size-xl\" href=\"https:\/\/mathcad.fi\/?page_id=599\">\n\t\t\t\t\t\t<span class=\"elementor-button-content-wrapper\">\n\t\t\t\t\t\t<span class=\"elementor-button-icon\">\n\t\t\t\t<i aria-hidden=\"true\" class=\"fas fa-arrow-right\"><\/i>\t\t\t<\/span>\n\t\t\t\t\t\t\t\t\t<span class=\"elementor-button-text\">OPISKELIJALISENSSI \/ STUDENT LICENSE<\/span>\n\t\t\t\t\t<\/span>\n\t\t\t\t\t<\/a>\n\t\t\t\t<\/div>\n\t\t\t\t\t\t<\/div>\n\t\t\t\t<\/div>\n\t\t\t\t\t<\/div>\n\t\t<\/div>\n\t\t\t\t\t<\/div>\n\t\t<\/section>\n\t\t\t\t<section class=\"elementor-section elementor-top-section elementor-element elementor-element-4b1f555 elementor-section-boxed elementor-section-height-default elementor-section-height-default\" data-id=\"4b1f555\" data-element_type=\"section\">\n\t\t\t\t\t\t<div class=\"elementor-container elementor-column-gap-default\">\n\t\t\t\t\t<div class=\"elementor-column elementor-col-100 elementor-top-column elementor-element elementor-element-6fd183b\" data-id=\"6fd183b\" data-element_type=\"column\">\n\t\t\t<div class=\"elementor-widget-wrap elementor-element-populated\">\n\t\t\t\t\t\t<div class=\"elementor-element elementor-element-ccee774 elementor-widget-divider--view-line elementor-widget elementor-widget-divider\" data-id=\"ccee774\" data-element_type=\"widget\" data-widget_type=\"divider.default\">\n\t\t\t\t<div class=\"elementor-widget-container\">\n\t\t\t\t\t<div class=\"elementor-divider\">\n\t\t\t<span class=\"elementor-divider-separator\">\n\t\t\t\t\t\t<\/span>\n\t\t<\/div>\n\t\t\t\t<\/div>\n\t\t\t\t<\/div>\n\t\t\t\t\t<\/div>\n\t\t<\/div>\n\t\t\t\t\t<\/div>\n\t\t<\/section>\n\t\t\t\t<section class=\"elementor-section elementor-top-section elementor-element elementor-element-a95c680 elementor-section-boxed elementor-section-height-default elementor-section-height-default\" data-id=\"a95c680\" data-element_type=\"section\">\n\t\t\t\t\t\t<div class=\"elementor-container elementor-column-gap-default\">\n\t\t\t\t\t<div class=\"elementor-column elementor-col-100 elementor-top-column elementor-element elementor-element-75a7fdd\" data-id=\"75a7fdd\" data-element_type=\"column\">\n\t\t\t<div class=\"elementor-widget-wrap elementor-element-populated\">\n\t\t\t\t\t\t<div class=\"elementor-element elementor-element-b9a182d elementor-widget elementor-widget-heading\" data-id=\"b9a182d\" data-element_type=\"widget\" data-widget_type=\"heading.default\">\n\t\t\t\t<div class=\"elementor-widget-container\">\n\t\t\t<h2 class=\"elementor-heading-title elementor-size-default\">Luokkalisenssit oppilaitoksille<\/h2>\t\t<\/div>\n\t\t\t\t<\/div>\n\t\t\t\t<div class=\"elementor-element elementor-element-529acc1 elementor-widget elementor-widget-text-editor\" data-id=\"529acc1\" data-element_type=\"widget\" data-widget_type=\"text-editor.default\">\n\t\t\t\t<div class=\"elementor-widget-container\">\n\t\t\t\t\t\t\t<p>Luokkalisenssej\u00e4 on saatavilla 10, 25, 50, 100, 500 kappaleen verkkolisenssipaketteina, joiden mukaan tulee 1 konekohtainen opettajalisenssi per 10 lisenssi\u00e4 &#8211; voit tilata tai pyyt\u00e4\u00e4 tarjousta yll\u00e4 olevalla lomakkeella\/s\u00e4hk\u00f6postitse.<\/p>\t\t\t\t\t\t<\/div>\n\t\t\t\t<\/div>\n\t\t\t\t<div class=\"elementor-element elementor-element-fbe272e elementor-align-center elementor-widget elementor-widget-button\" data-id=\"fbe272e\" data-element_type=\"widget\" data-widget_type=\"button.default\">\n\t\t\t\t<div class=\"elementor-widget-container\">\n\t\t\t\t\t\t\t<div class=\"elementor-button-wrapper\">\n\t\t\t\t\t<a class=\"elementor-button elementor-button-link elementor-size-md\" href=\"https:\/\/mathcad.fi\/?page_id=599\">\n\t\t\t\t\t\t<span class=\"elementor-button-content-wrapper\">\n\t\t\t\t\t\t<span class=\"elementor-button-icon\">\n\t\t\t\t<i aria-hidden=\"true\" class=\"fas fa-arrow-right\"><\/i>\t\t\t<\/span>\n\t\t\t\t\t\t\t\t\t<span class=\"elementor-button-text\">Mathcad Prime tilauslomake (oppilaitos)<\/span>\n\t\t\t\t\t<\/span>\n\t\t\t\t\t<\/a>\n\t\t\t\t<\/div>\n\t\t\t\t\t\t<\/div>\n\t\t\t\t<\/div>\n\t\t\t\t\t<\/div>\n\t\t<\/div>\n\t\t\t\t\t<\/div>\n\t\t<\/section>\n\t\t\t\t<section class=\"elementor-section elementor-top-section elementor-element elementor-element-d14fd68 elementor-section-boxed elementor-section-height-default elementor-section-height-default\" data-id=\"d14fd68\" data-element_type=\"section\">\n\t\t\t\t\t\t<div class=\"elementor-container elementor-column-gap-default\">\n\t\t\t\t\t<div class=\"elementor-column elementor-col-50 elementor-top-column elementor-element elementor-element-e97a325\" data-id=\"e97a325\" data-element_type=\"column\">\n\t\t\t<div class=\"elementor-widget-wrap elementor-element-populated\">\n\t\t\t\t\t\t<div class=\"elementor-element elementor-element-cf06ab0 elementor-widget elementor-widget-heading\" data-id=\"cf06ab0\" data-element_type=\"widget\" data-widget_type=\"heading.default\">\n\t\t\t\t<div class=\"elementor-widget-container\">\n\t\t\t<h2 class=\"elementor-heading-title elementor-size-default\">Verkkolisenssi<\/h2>\t\t<\/div>\n\t\t\t\t<\/div>\n\t\t\t\t<div class=\"elementor-element elementor-element-fa28302 elementor-widget elementor-widget-text-editor\" data-id=\"fa28302\" data-element_type=\"widget\" data-widget_type=\"text-editor.default\">\n\t\t\t\t<div class=\"elementor-widget-container\">\n\t\t\t\t\t\t\t<p>Verkkolisenssej\u00e4 on saatavilla my\u00f6s tutkimusk\u00e4ytt\u00f6\u00f6n sek\u00e4 opettajille yksitt\u00e4in tai 10 kpl paketteina. Kaikki ylemp\u00e4n\u00e4 mainitut luokkalisenssit ovat verkkolisenssej\u00e4.<\/p><p>\u00a0<\/p><p>Verkkolisenssit asennetaan palvelimelle ja ne ovat k\u00e4ytett\u00e4viss\u00e4, kun toimitaan koulun verkossa.<\/p><p>\u00a0<\/p><p>Verkkolisenssit toimivat my\u00f6s VPN-yhteyden kautta, kun yhdistet\u00e4\u00e4n koulun verkkoon.<\/p>\t\t\t\t\t\t<\/div>\n\t\t\t\t<\/div>\n\t\t\t\t\t<\/div>\n\t\t<\/div>\n\t\t\t\t<div class=\"elementor-column elementor-col-50 elementor-top-column elementor-element elementor-element-b33e752\" data-id=\"b33e752\" data-element_type=\"column\">\n\t\t\t<div class=\"elementor-widget-wrap elementor-element-populated\">\n\t\t\t\t\t\t<div class=\"elementor-element elementor-element-43aeb45 elementor-widget elementor-widget-heading\" data-id=\"43aeb45\" data-element_type=\"widget\" data-widget_type=\"heading.default\">\n\t\t\t\t<div class=\"elementor-widget-container\">\n\t\t\t<h2 class=\"elementor-heading-title elementor-size-default\">Yhden koneen lisenssi<\/h2>\t\t<\/div>\n\t\t\t\t<\/div>\n\t\t\t\t<div class=\"elementor-element elementor-element-80df94e elementor-widget elementor-widget-text-editor\" data-id=\"80df94e\" data-element_type=\"widget\" data-widget_type=\"text-editor.default\">\n\t\t\t\t<div class=\"elementor-widget-container\">\n\t\t\t\t\t\t\t<p>Yhden koneen lisenssi asennetaan yhden k\u00e4ytt\u00e4j\u00e4n koneelle. Lisenssi on kuitenkin siirrett\u00e4viss\u00e4, jos kone vaihtuu.<\/p><p>\u00a0<\/p><p>Yksitt\u00e4isi\u00e4 lisensej\u00e4 on saatavissa opettajille sek\u00e4 tutkijoille.<\/p><p>\u00a0<\/p><p>Konekohtainen lisenssi tulee olla tallennettuna sille koneelle, jolta sit\u00e4 k\u00e4ytet\u00e4\u00e4n eik\u00e4 esimerkiksi pilvitallennustilaan tai verkkoasemalle.<\/p>\t\t\t\t\t\t<\/div>\n\t\t\t\t<\/div>\n\t\t\t\t\t<\/div>\n\t\t<\/div>\n\t\t\t\t\t<\/div>\n\t\t<\/section>\n\t\t\t\t<\/div>\n\t\t","protected":false},"excerpt":{"rendered":"<p>OPISKELIJALISENSSI \/ STUDENT LICENSE Luokkalisenssit oppilaitoksille Luokkalisenssej\u00e4 on saatavilla 10, 25, 50, 100, 500 kappaleen verkkolisenssipaketteina, joiden mukaan tulee 1 konekohtainen opettajalisenssi per 10 lisenssi\u00e4 &#8211; voit tilata tai pyyt\u00e4\u00e4 tarjousta yll\u00e4 olevalla lomakkeella\/s\u00e4hk\u00f6postitse. Mathcad Prime tilauslomake (oppilaitos) Verkkolisenssi Verkkolisenssej\u00e4 on saatavilla my\u00f6s tutkimusk\u00e4ytt\u00f6\u00f6n sek\u00e4 opettajille yksitt\u00e4in tai 10 kpl paketteina. Kaikki ylemp\u00e4n\u00e4 mainitut luokkalisenssit&hellip; <a class=\"more-link\" href=\"https:\/\/mathcad.fi\/?page_id=516\">Continue reading <span class=\"screen-reader-text\">oppilaitoslisenssit<\/span><\/a><\/p>\n","protected":false},"author":1,"featured_media":0,"parent":0,"menu_order":0,"comment_status":"closed","ping_status":"closed","template":"elementor_header_footer","meta":{"footnotes":""},"class_list":["post-516","page","type-page","status-publish","hentry","entry"],"yoast_head":"<!-- This site is optimized with the Yoast SEO plugin v23.8 - https:\/\/yoast.com\/wordpress\/plugins\/seo\/ -->\n<title>oppilaitoslisenssit<\/title>\n<meta name=\"robots\" content=\"index, follow, max-snippet:-1, max-image-preview:large, max-video-preview:-1\" \/>\n<link rel=\"canonical\" href=\"https:\/\/mathcad.fi\/?page_id=516\" \/>\n<meta property=\"og:locale\" content=\"en_US\" \/>\n<meta property=\"og:type\" content=\"article\" \/>\n<meta property=\"og:title\" content=\"oppilaitoslisenssit\" \/>\n<meta property=\"og:description\" content=\"OPISKELIJALISENSSI \/ STUDENT LICENSE Luokkalisenssit oppilaitoksille Luokkalisenssej\u00e4 on saatavilla 10, 25, 50, 100, 500 kappaleen verkkolisenssipaketteina, joiden mukaan tulee 1 konekohtainen opettajalisenssi per 10 lisenssi\u00e4 &#8211; voit tilata tai pyyt\u00e4\u00e4 tarjousta yll\u00e4 olevalla lomakkeella\/s\u00e4hk\u00f6postitse. Mathcad Prime tilauslomake (oppilaitos) Verkkolisenssi Verkkolisenssej\u00e4 on saatavilla my\u00f6s tutkimusk\u00e4ytt\u00f6\u00f6n sek\u00e4 opettajille yksitt\u00e4in tai 10 kpl paketteina. Kaikki ylemp\u00e4n\u00e4 mainitut luokkalisenssit&hellip; Continue reading oppilaitoslisenssit\" \/>\n<meta property=\"og:url\" content=\"https:\/\/mathcad.fi\/?page_id=516\" \/>\n<meta property=\"og:site_name\" content=\"Mathcad\" \/>\n<meta property=\"article:modified_time\" content=\"2024-10-09T12:17:15+00:00\" \/>\n<meta name=\"twitter:card\" content=\"summary_large_image\" \/>\n<meta name=\"twitter:label1\" content=\"Est. reading time\" \/>\n\t<meta name=\"twitter:data1\" content=\"1 minute\" \/>\n<script type=\"application\/ld+json\" class=\"yoast-schema-graph\">{\"@context\":\"https:\/\/schema.org\",\"@graph\":[{\"@type\":\"WebPage\",\"@id\":\"https:\/\/mathcad.fi\/?page_id=516\",\"url\":\"https:\/\/mathcad.fi\/?page_id=516\",\"name\":\"oppilaitoslisenssit\",\"isPartOf\":{\"@id\":\"https:\/\/mathcad.fi\/#website\"},\"datePublished\":\"2023-12-13T12:28:14+00:00\",\"dateModified\":\"2024-10-09T12:17:15+00:00\",\"breadcrumb\":{\"@id\":\"https:\/\/mathcad.fi\/?page_id=516#breadcrumb\"},\"inLanguage\":\"en-US\",\"potentialAction\":[{\"@type\":\"ReadAction\",\"target\":[\"https:\/\/mathcad.fi\/?page_id=516\"]}]},{\"@type\":\"BreadcrumbList\",\"@id\":\"https:\/\/mathcad.fi\/?page_id=516#breadcrumb\",\"itemListElement\":[{\"@type\":\"ListItem\",\"position\":1,\"name\":\"Home\",\"item\":\"https:\/\/mathcad.fi\/\"},{\"@type\":\"ListItem\",\"position\":2,\"name\":\"oppilaitoslisenssit\"}]},{\"@type\":\"WebSite\",\"@id\":\"https:\/\/mathcad.fi\/#website\",\"url\":\"https:\/\/mathcad.fi\/\",\"name\":\"Mathcad\",\"description\":\"Teknisen laskennan ohjelmisto\",\"potentialAction\":[{\"@type\":\"SearchAction\",\"target\":{\"@type\":\"EntryPoint\",\"urlTemplate\":\"https:\/\/mathcad.fi\/?s={search_term_string}\"},\"query-input\":{\"@type\":\"PropertyValueSpecification\",\"valueRequired\":true,\"valueName\":\"search_term_string\"}}],\"inLanguage\":\"en-US\"}]}<\/script>\n<!-- \/ Yoast SEO plugin. -->","yoast_head_json":{"title":"oppilaitoslisenssit","robots":{"index":"index","follow":"follow","max-snippet":"max-snippet:-1","max-image-preview":"max-image-preview:large","max-video-preview":"max-video-preview:-1"},"canonical":"https:\/\/mathcad.fi\/?page_id=516","og_locale":"en_US","og_type":"article","og_title":"oppilaitoslisenssit","og_description":"OPISKELIJALISENSSI \/ STUDENT LICENSE Luokkalisenssit oppilaitoksille Luokkalisenssej\u00e4 on saatavilla 10, 25, 50, 100, 500 kappaleen verkkolisenssipaketteina, joiden mukaan tulee 1 konekohtainen opettajalisenssi per 10 lisenssi\u00e4 &#8211; voit tilata tai pyyt\u00e4\u00e4 tarjousta yll\u00e4 olevalla lomakkeella\/s\u00e4hk\u00f6postitse. Mathcad Prime tilauslomake (oppilaitos) Verkkolisenssi Verkkolisenssej\u00e4 on saatavilla my\u00f6s tutkimusk\u00e4ytt\u00f6\u00f6n sek\u00e4 opettajille yksitt\u00e4in tai 10 kpl paketteina. Kaikki ylemp\u00e4n\u00e4 mainitut luokkalisenssit&hellip; Continue reading oppilaitoslisenssit","og_url":"https:\/\/mathcad.fi\/?page_id=516","og_site_name":"Mathcad","article_modified_time":"2024-10-09T12:17:15+00:00","twitter_card":"summary_large_image","twitter_misc":{"Est. reading time":"1 minute"},"schema":{"@context":"https:\/\/schema.org","@graph":[{"@type":"WebPage","@id":"https:\/\/mathcad.fi\/?page_id=516","url":"https:\/\/mathcad.fi\/?page_id=516","name":"oppilaitoslisenssit","isPartOf":{"@id":"https:\/\/mathcad.fi\/#website"},"datePublished":"2023-12-13T12:28:14+00:00","dateModified":"2024-10-09T12:17:15+00:00","breadcrumb":{"@id":"https:\/\/mathcad.fi\/?page_id=516#breadcrumb"},"inLanguage":"en-US","potentialAction":[{"@type":"ReadAction","target":["https:\/\/mathcad.fi\/?page_id=516"]}]},{"@type":"BreadcrumbList","@id":"https:\/\/mathcad.fi\/?page_id=516#breadcrumb","itemListElement":[{"@type":"ListItem","position":1,"name":"Home","item":"https:\/\/mathcad.fi\/"},{"@type":"ListItem","position":2,"name":"oppilaitoslisenssit"}]},{"@type":"WebSite","@id":"https:\/\/mathcad.fi\/#website","url":"https:\/\/mathcad.fi\/","name":"Mathcad","description":"Teknisen laskennan ohjelmisto","potentialAction":[{"@type":"SearchAction","target":{"@type":"EntryPoint","urlTemplate":"https:\/\/mathcad.fi\/?s={search_term_string}"},"query-input":{"@type":"PropertyValueSpecification","valueRequired":true,"valueName":"search_term_string"}}],"inLanguage":"en-US"}]}},"_links":{"self":[{"href":"https:\/\/mathcad.fi\/index.php?rest_route=\/wp\/v2\/pages\/516","targetHints":{"allow":["GET"]}}],"collection":[{"href":"https:\/\/mathcad.fi\/index.php?rest_route=\/wp\/v2\/pages"}],"about":[{"href":"https:\/\/mathcad.fi\/index.php?rest_route=\/wp\/v2\/types\/page"}],"author":[{"embeddable":true,"href":"https:\/\/mathcad.fi\/index.php?rest_route=\/wp\/v2\/users\/1"}],"replies":[{"embeddable":true,"href":"https:\/\/mathcad.fi\/index.php?rest_route=%2Fwp%2Fv2%2Fcomments&post=516"}],"version-history":[{"count":19,"href":"https:\/\/mathcad.fi\/index.php?rest_route=\/wp\/v2\/pages\/516\/revisions"}],"predecessor-version":[{"id":748,"href":"https:\/\/mathcad.fi\/index.php?rest_route=\/wp\/v2\/pages\/516\/revisions\/748"}],"wp:attachment":[{"href":"https:\/\/mathcad.fi\/index.php?rest_route=%2Fwp%2Fv2%2Fmedia&parent=516"}],"curies":[{"name":"wp","href":"https:\/\/api.w.org\/{rel}","templated":true}]}}