{"id":599,"date":"2024-01-18T12:13:40","date_gmt":"2024-01-18T12:13:40","guid":{"rendered":"https:\/\/uusi.mathcad.fi\/?page_id=599"},"modified":"2024-08-26T13:15:47","modified_gmt":"2024-08-26T13:15:47","slug":"elementor-599","status":"publish","type":"page","link":"https:\/\/mathcad.fi\/?page_id=599","title":{"rendered":"Yhteydenotto"},"content":{"rendered":"\t\t<div data-elementor-type=\"wp-page\" data-elementor-id=\"599\" class=\"elementor elementor-599\">\n\t\t\t\t\t\t<section class=\"elementor-section elementor-top-section elementor-element elementor-element-4bc147f elementor-section-boxed elementor-section-height-default elementor-section-height-default\" data-id=\"4bc147f\" data-element_type=\"section\">\n\t\t\t\t\t\t<div class=\"elementor-container elementor-column-gap-default\">\n\t\t\t\t\t<div class=\"elementor-column elementor-col-100 elementor-top-column elementor-element elementor-element-dd11d33\" data-id=\"dd11d33\" data-element_type=\"column\">\n\t\t\t<div class=\"elementor-widget-wrap elementor-element-populated\">\n\t\t\t\t\t\t<div class=\"elementor-element elementor-element-18fe165 elementor-button-align-stretch elementor-widget elementor-widget-form\" data-id=\"18fe165\" data-element_type=\"widget\" data-settings=\"{&quot;step_next_label&quot;:&quot;Next&quot;,&quot;step_previous_label&quot;:&quot;Previous&quot;,&quot;button_width&quot;:&quot;100&quot;,&quot;step_type&quot;:&quot;number_text&quot;,&quot;step_icon_shape&quot;:&quot;circle&quot;}\" data-widget_type=\"form.default\">\n\t\t\t\t<div class=\"elementor-widget-container\">\n\t\t\t\t\t<form class=\"elementor-form\" method=\"post\" name=\"New Form\">\n\t\t\t<input type=\"hidden\" name=\"post_id\" value=\"599\"\/>\n\t\t\t<input type=\"hidden\" name=\"form_id\" value=\"18fe165\"\/>\n\t\t\t<input type=\"hidden\" name=\"referer_title\" value=\"Mathcad\" \/>\n\n\t\t\t\n\t\t\t<div class=\"elementor-form-fields-wrapper elementor-labels-above\">\n\t\t\t\t\t\t\t\t<div class=\"elementor-field-type-text elementor-field-group elementor-column elementor-field-group-name elementor-col-100\">\n\t\t\t\t\t\t\t\t\t\t\t\t<label for=\"form-field-name\" class=\"elementor-field-label\">\n\t\t\t\t\t\t\t\tYrityksen tai henkil\u00f6n nimi\t\t\t\t\t\t\t<\/label>\n\t\t\t\t\t\t\t\t\t\t\t\t\t\t<input size=\"1\" type=\"text\" name=\"form_fields[name]\" id=\"form-field-name\" class=\"elementor-field elementor-size-lg  elementor-field-textual\" placeholder=\"Kirjoita yrityksen tai henkil\u00f6n nimi t\u00e4h\u00e4n\">\n\t\t\t\t\t\t\t\t\t\t\t<\/div>\n\t\t\t\t\t\t\t\t<div class=\"elementor-field-type-email elementor-field-group elementor-column elementor-field-group-email elementor-col-100 elementor-field-required elementor-mark-required\">\n\t\t\t\t\t\t\t\t\t\t\t\t<label for=\"form-field-email\" class=\"elementor-field-label\">\n\t\t\t\t\t\t\t\tS\u00e4hk\u00f6postiosoite yhteydenottoa varten\t\t\t\t\t\t\t<\/label>\n\t\t\t\t\t\t\t\t\t\t\t\t\t\t<input size=\"1\" type=\"email\" name=\"form_fields[email]\" id=\"form-field-email\" class=\"elementor-field elementor-size-lg  elementor-field-textual\" placeholder=\"Kirjoita s\u00e4hk\u00f6posti t\u00e4h\u00e4n...\" required=\"required\" aria-required=\"true\">\n\t\t\t\t\t\t\t\t\t\t\t<\/div>\n\t\t\t\t\t\t\t\t<div class=\"elementor-field-type-textarea elementor-field-group elementor-column elementor-field-group-message elementor-col-100\">\n\t\t\t\t\t\t\t\t\t\t\t\t<label for=\"form-field-message\" class=\"elementor-field-label\">\n\t\t\t\t\t\t\t\tViestinne\t\t\t\t\t\t\t<\/label>\n\t\t\t\t\t\t<textarea class=\"elementor-field-textual elementor-field  elementor-size-lg\" name=\"form_fields[message]\" id=\"form-field-message\" rows=\"4\" placeholder=\"Mit\u00e4 asia koskee?\"><\/textarea>\t\t\t\t<\/div>\n\t\t\t\t\t\t\t\t<div class=\"elementor-field-group elementor-column elementor-field-type-submit elementor-col-100 e-form__buttons\">\n\t\t\t\t\t<button type=\"submit\" class=\"elementor-button elementor-size-lg\">\n\t\t\t\t\t\t<span >\n\t\t\t\t\t\t\t\t\t\t\t\t\t\t\t<span class=\" elementor-button-icon\">\n\t\t\t\t\t\t\t\t\t\t\t\t\t\t\t\t\t\t\t\t\t\t\t\t\t\t<\/span>\n\t\t\t\t\t\t\t\t\t\t\t\t\t\t\t\t\t\t\t\t\t\t<span class=\"elementor-button-text\">L\u00e4het\u00e4<\/span>\n\t\t\t\t\t\t\t\t\t\t\t\t\t<\/span>\n\t\t\t\t\t<\/button>\n\t\t\t\t<\/div>\n\t\t\t<\/div>\n\t\t<\/form>\n\t\t\t\t<\/div>\n\t\t\t\t<\/div>\n\t\t\t\t\t<\/div>\n\t\t<\/div>\n\t\t\t\t\t<\/div>\n\t\t<\/section>\n\t\t\t\t<\/div>\n\t\t","protected":false},"excerpt":{"rendered":"","protected":false},"author":1,"featured_media":0,"parent":0,"menu_order":0,"comment_status":"closed","ping_status":"closed","template":"elementor_header_footer","meta":{"footnotes":""},"class_list":["post-599","page","type-page","status-publish","hentry","entry"],"yoast_head":"<!-- This site is optimized with the Yoast SEO plugin v23.8 - https:\/\/yoast.com\/wordpress\/plugins\/seo\/ -->\n<title>Yhteydenotto<\/title>\n<meta name=\"robots\" content=\"index, follow, max-snippet:-1, max-image-preview:large, max-video-preview:-1\" \/>\n<link rel=\"canonical\" href=\"https:\/\/mathcad.fi\/?page_id=599\" \/>\n<meta property=\"og:locale\" content=\"en_US\" \/>\n<meta property=\"og:type\" content=\"article\" \/>\n<meta property=\"og:title\" content=\"Yhteydenotto\" \/>\n<meta property=\"og:url\" content=\"https:\/\/mathcad.fi\/?page_id=599\" \/>\n<meta property=\"og:site_name\" content=\"Mathcad\" \/>\n<meta property=\"article:modified_time\" content=\"2024-08-26T13:15:47+00:00\" \/>\n<meta name=\"twitter:card\" content=\"summary_large_image\" \/>\n<script type=\"application\/ld+json\" class=\"yoast-schema-graph\">{\"@context\":\"https:\/\/schema.org\",\"@graph\":[{\"@type\":\"WebPage\",\"@id\":\"https:\/\/mathcad.fi\/?page_id=599\",\"url\":\"https:\/\/mathcad.fi\/?page_id=599\",\"name\":\"Yhteydenotto\",\"isPartOf\":{\"@id\":\"https:\/\/mathcad.fi\/#website\"},\"datePublished\":\"2024-01-18T12:13:40+00:00\",\"dateModified\":\"2024-08-26T13:15:47+00:00\",\"breadcrumb\":{\"@id\":\"https:\/\/mathcad.fi\/?page_id=599#breadcrumb\"},\"inLanguage\":\"en-US\",\"potentialAction\":[{\"@type\":\"ReadAction\",\"target\":[\"https:\/\/mathcad.fi\/?page_id=599\"]}]},{\"@type\":\"BreadcrumbList\",\"@id\":\"https:\/\/mathcad.fi\/?page_id=599#breadcrumb\",\"itemListElement\":[{\"@type\":\"ListItem\",\"position\":1,\"name\":\"Home\",\"item\":\"https:\/\/mathcad.fi\/\"},{\"@type\":\"ListItem\",\"position\":2,\"name\":\"Yhteydenotto\"}]},{\"@type\":\"WebSite\",\"@id\":\"https:\/\/mathcad.fi\/#website\",\"url\":\"https:\/\/mathcad.fi\/\",\"name\":\"Mathcad\",\"description\":\"Teknisen laskennan ohjelmisto\",\"potentialAction\":[{\"@type\":\"SearchAction\",\"target\":{\"@type\":\"EntryPoint\",\"urlTemplate\":\"https:\/\/mathcad.fi\/?s={search_term_string}\"},\"query-input\":{\"@type\":\"PropertyValueSpecification\",\"valueRequired\":true,\"valueName\":\"search_term_string\"}}],\"inLanguage\":\"en-US\"}]}<\/script>\n<!-- \/ Yoast SEO plugin. -->","yoast_head_json":{"title":"Yhteydenotto","robots":{"index":"index","follow":"follow","max-snippet":"max-snippet:-1","max-image-preview":"max-image-preview:large","max-video-preview":"max-video-preview:-1"},"canonical":"https:\/\/mathcad.fi\/?page_id=599","og_locale":"en_US","og_type":"article","og_title":"Yhteydenotto","og_url":"https:\/\/mathcad.fi\/?page_id=599","og_site_name":"Mathcad","article_modified_time":"2024-08-26T13:15:47+00:00","twitter_card":"summary_large_image","schema":{"@context":"https:\/\/schema.org","@graph":[{"@type":"WebPage","@id":"https:\/\/mathcad.fi\/?page_id=599","url":"https:\/\/mathcad.fi\/?page_id=599","name":"Yhteydenotto","isPartOf":{"@id":"https:\/\/mathcad.fi\/#website"},"datePublished":"2024-01-18T12:13:40+00:00","dateModified":"2024-08-26T13:15:47+00:00","breadcrumb":{"@id":"https:\/\/mathcad.fi\/?page_id=599#breadcrumb"},"inLanguage":"en-US","potentialAction":[{"@type":"ReadAction","target":["https:\/\/mathcad.fi\/?page_id=599"]}]},{"@type":"BreadcrumbList","@id":"https:\/\/mathcad.fi\/?page_id=599#breadcrumb","itemListElement":[{"@type":"ListItem","position":1,"name":"Home","item":"https:\/\/mathcad.fi\/"},{"@type":"ListItem","position":2,"name":"Yhteydenotto"}]},{"@type":"WebSite","@id":"https:\/\/mathcad.fi\/#website","url":"https:\/\/mathcad.fi\/","name":"Mathcad","description":"Teknisen laskennan ohjelmisto","potentialAction":[{"@type":"SearchAction","target":{"@type":"EntryPoint","urlTemplate":"https:\/\/mathcad.fi\/?s={search_term_string}"},"query-input":{"@type":"PropertyValueSpecification","valueRequired":true,"valueName":"search_term_string"}}],"inLanguage":"en-US"}]}},"_links":{"self":[{"href":"https:\/\/mathcad.fi\/index.php?rest_route=\/wp\/v2\/pages\/599","targetHints":{"allow":["GET"]}}],"collection":[{"href":"https:\/\/mathcad.fi\/index.php?rest_route=\/wp\/v2\/pages"}],"about":[{"href":"https:\/\/mathcad.fi\/index.php?rest_route=\/wp\/v2\/types\/page"}],"author":[{"embeddable":true,"href":"https:\/\/mathcad.fi\/index.php?rest_route=\/wp\/v2\/users\/1"}],"replies":[{"embeddable":true,"href":"https:\/\/mathcad.fi\/index.php?rest_route=%2Fwp%2Fv2%2Fcomments&post=599"}],"version-history":[{"count":28,"href":"https:\/\/mathcad.fi\/index.php?rest_route=\/wp\/v2\/pages\/599\/revisions"}],"predecessor-version":[{"id":703,"href":"https:\/\/mathcad.fi\/index.php?rest_route=\/wp\/v2\/pages\/599\/revisions\/703"}],"wp:attachment":[{"href":"https:\/\/mathcad.fi\/index.php?rest_route=%2Fwp%2Fv2%2Fmedia&parent=599"}],"curies":[{"name":"wp","href":"https:\/\/api.w.org\/{rel}","templated":true}]}}